{"id":38,"date":"2022-05-16T08:34:34","date_gmt":"2022-05-16T08:34:34","guid":{"rendered":"http:\/\/trulazer.com\/?page_id=38"},"modified":"2022-10-13T12:45:47","modified_gmt":"2022-10-13T12:45:47","slug":"hakkinda","status":"publish","type":"page","link":"http:\/\/trulazer.com\/?page_id=38","title":{"rendered":"Hakk\u0131nda"},"content":{"rendered":"\n<div class=\"wp-block-cover alignfull\" style=\"min-height:300px;aspect-ratio:unset;\"><span aria-hidden=\"true\" class=\"wp-block-cover__background has-nv-site-bg-background-color has-background-dim-100 has-background-dim\"><\/span><div class=\"wp-block-cover__inner-container is-layout-flow wp-block-cover-is-layout-flow\">\n<div class=\"wp-block-group\"><div class=\"wp-block-group__inner-container is-layout-flow wp-block-group-is-layout-flow\">\n<h1 class=\"has-text-align-left has-neve-text-color-color has-text-color wp-block-heading\"><font style=\"vertical-align: inherit;\"><font style=\"vertical-align: inherit;\">Hakk\u0131m\u0131zd<\/font><\/font>a<\/h1>\n<\/div><\/div>\n<\/div><\/div>\n\n\n\n<div class=\"wp-block-cover alignfull\" style=\"min-height:600px;aspect-ratio:unset;\"><span aria-hidden=\"true\" class=\"wp-block-cover__background has-nv-light-bg-background-color has-background-dim-100 has-background-dim\"><\/span><div class=\"wp-block-cover__inner-container is-layout-flow wp-block-cover-is-layout-flow\">\n<div class=\"wp-block-group\"><div class=\"wp-block-group__inner-container is-layout-flow wp-block-group-is-layout-flow\">\n<div style=\"height:80px\" aria-hidden=\"true\" class=\"wp-block-spacer\"><\/div>\n\n\n\n<div class=\"wp-block-columns are-vertically-aligned-center is-layout-flex wp-container-core-columns-is-layout-9d6595d7 wp-block-columns-is-layout-flex\">\n<div class=\"wp-block-column is-vertically-aligned-center is-layout-flow wp-block-column-is-layout-flow\" style=\"flex-basis:50%\">\n<figure class=\"wp-block-image size-full size-large\"><img loading=\"lazy\" decoding=\"async\" width=\"512\" height=\"512\" src=\"http:\/\/trulazer.com\/wp-content\/uploads\/2022\/05\/cropped-Fav_ikonWeb.png\" alt=\"\" class=\"wp-image-67\" srcset=\"http:\/\/trulazer.com\/wp-content\/uploads\/2022\/05\/cropped-Fav_ikonWeb.png 512w, http:\/\/trulazer.com\/wp-content\/uploads\/2022\/05\/cropped-Fav_ikonWeb-300x300.png 300w, http:\/\/trulazer.com\/wp-content\/uploads\/2022\/05\/cropped-Fav_ikonWeb-150x150.png 150w, http:\/\/trulazer.com\/wp-content\/uploads\/2022\/05\/cropped-Fav_ikonWeb-270x270.png 270w, http:\/\/trulazer.com\/wp-content\/uploads\/2022\/05\/cropped-Fav_ikonWeb-192x192.png 192w, http:\/\/trulazer.com\/wp-content\/uploads\/2022\/05\/cropped-Fav_ikonWeb-180x180.png 180w, http:\/\/trulazer.com\/wp-content\/uploads\/2022\/05\/cropped-Fav_ikonWeb-32x32.png 32w\" sizes=\"auto, (max-width: 512px) 100vw, 512px\" \/><\/figure>\n<\/div>\n\n\n\n<div class=\"wp-block-column is-vertically-aligned-center is-layout-flow wp-block-column-is-layout-flow\" style=\"flex-basis:50%\">\n<h2 class=\"has-neve-text-color-color has-text-color wp-block-heading\"><font style=\"vertical-align: inherit;\"><font style=\"vertical-align: inherit;\">Bizim hikayemi<\/font><\/font>z<\/h2>\n\n\n\n<p class=\"has-neve-link-color-color has-text-color\">1981 y\u0131l\u0131nda metal ve geri d\u00f6n\u00fc\u015f\u00fcm sekt\u00f6r\u00fcyle faaliyetlerine ba\u015flayarak k\u0131sa s\u00fcrede alan\u0131nda \u00f6nc\u00fc niteli\u011fi ta\u015f\u0131makta olan firmam\u0131z, m\u00fc\u015fterilerine hizmet verdi\u011fi ilk g\u00fcnden bu yana Ar-Ge faaliyetlerini y\u00fcr\u00fctmeyi bir kalite prensibi haline getirmi\u015ftir.<\/p>\n\n\n\n<p class=\"has-neve-link-color-color has-text-color\">Bu y\u00fczden sekt\u00f6rel ihtiya\u00e7lar do\u011frultusunda 2021 y\u0131l\u0131nda Dudullu OSB i\u00e7inde, gen\u00e7 dinamik ve alan\u0131nda profesyonel kadrosu ile kurumsal hizmete odaklanm\u0131\u015f metal i\u015fleme merkezi kurulmu\u015ftur.<\/p>\n\n\n\n<p class=\"has-neve-link-color-color has-text-color\">Tru Lazer m\u00fc\u015fterilerinden gelen her sipari\u015fe bir art\u0131 de\u011fer sa\u011flama amac\u0131yla yola \u00e7\u0131km\u0131\u015ft\u0131r.<\/p>\n\n\n\n<p class=\"has-neve-link-color-color has-text-color\">Ayr\u0131ca firma profesyonel ekip ve g\u00fc\u00e7l\u00fc makine parkuru konusunda sanayi alan\u0131ndaki ilerlemeleri ve teknoloji alan\u0131ndaki yenilikleri \u00e7ok yak\u0131ndan takip ederek m\u00fc\u015fterileriyle payla\u015fmay\u0131, her an ileti\u015fim halinde olmay\u0131 kendine prensip edinmi\u015ftir.<\/p>\n<\/div>\n<\/div>\n\n\n\n<div style=\"height:40px\" aria-hidden=\"true\" class=\"wp-block-spacer\"><\/div>\n<\/div><\/div>\n<\/div><\/div>\n\n\n\n<div class=\"wp-block-cover alignfull\" style=\"min-height:600px;aspect-ratio:unset;\"><span aria-hidden=\"true\" class=\"wp-block-cover__background has-nv-dark-bg-background-color has-background-dim-100 has-background-dim\"><\/span><div class=\"wp-block-cover__inner-container is-layout-flow wp-block-cover-is-layout-flow\">\n<div class=\"wp-block-group\"><div class=\"wp-block-group__inner-container is-layout-flow wp-block-group-is-layout-flow\">\n<div style=\"height:80px\" aria-hidden=\"true\" class=\"wp-block-spacer\"><\/div>\n\n\n\n<div class=\"wp-block-columns are-vertically-aligned-center is-layout-flex wp-container-core-columns-is-layout-9d6595d7 wp-block-columns-is-layout-flex\">\n<div class=\"wp-block-column is-vertically-aligned-center is-layout-flow wp-block-column-is-layout-flow\" style=\"flex-basis:50%\">\n<h2 class=\"has-nv-text-dark-bg-color has-text-color wp-block-heading\"><font style=\"vertical-align: inherit;\"><font style=\"vertical-align: inherit;\">De\u011ferler taraf\u0131ndan y\u00f6nlendiril<\/font><\/font>i<font style=\"vertical-align: inherit;\"><font style=\"vertical-align: inherit;\">yoruz<\/font><\/font><\/h2>\n\n\n\n<p class=\"has-nv-text-dark-bg-color has-text-color\"><font style=\"vertical-align: inherit;\"><font style=\"vertical-align: inherit;\">Bir \u00f6nceki ku\u015fa\u011f\u0131n tecr\u00fcbeleri ve deste\u011fi hep yan\u0131m\u0131zda.<\/font><\/font><\/p>\n\n\n\n<div style=\"height:20px\" aria-hidden=\"true\" class=\"wp-block-spacer\"><\/div>\n\n\n\n<div class=\"wp-block-buttons is-layout-flex wp-block-buttons-is-layout-flex\">\n<div class=\"wp-block-button is-style-primary\"><a class=\"wp-block-button__link\" href=\"http:\/\/trulazer.com\/?pagename=contact\"><font style=\"vertical-align: inherit;\"><font style=\"vertical-align: inherit;\">HAD\u0130 KONU\u015eALIM<\/font><\/font><\/a><\/div>\n<\/div>\n\n\n\n<div style=\"height:20px\" aria-hidden=\"true\" class=\"wp-block-spacer\"><\/div>\n<\/div>\n\n\n\n<div class=\"wp-block-column is-vertically-aligned-center is-layout-flow wp-block-column-is-layout-flow\" style=\"flex-basis:50%\">\n<figure class=\"wp-block-image size-full\"><img loading=\"lazy\" decoding=\"async\" width=\"979\" height=\"748\" src=\"http:\/\/trulazer.com\/wp-content\/uploads\/2022\/06\/Ekran-Resmi-2022-06-03-16.44.51.png\" alt=\"\" class=\"wp-image-187\" srcset=\"http:\/\/trulazer.com\/wp-content\/uploads\/2022\/06\/Ekran-Resmi-2022-06-03-16.44.51.png 979w, http:\/\/trulazer.com\/wp-content\/uploads\/2022\/06\/Ekran-Resmi-2022-06-03-16.44.51-300x229.png 300w, http:\/\/trulazer.com\/wp-content\/uploads\/2022\/06\/Ekran-Resmi-2022-06-03-16.44.51-768x587.png 768w\" sizes=\"auto, (max-width: 979px) 100vw, 979px\" \/><\/figure>\n<\/div>\n<\/div>\n\n\n\n<div style=\"height:40px\" aria-hidden=\"true\" class=\"wp-block-spacer\"><\/div>\n<\/div><\/div>\n<\/div><\/div>\n\n\n\n<div class=\"wp-block-cover alignfull\" style=\"min-height:500px;aspect-ratio:unset;\"><span aria-hidden=\"true\" class=\"wp-block-cover__background has-nv-site-bg-background-color has-background-dim-100 has-background-dim\"><\/span><div class=\"wp-block-cover__inner-container is-layout-flow wp-block-cover-is-layout-flow\">\n<div style=\"height:80px\" aria-hidden=\"true\" class=\"wp-block-spacer\"><\/div>\n\n\n\n<div class=\"wp-block-columns is-layout-flex wp-container-core-columns-is-layout-9d6595d7 wp-block-columns-is-layout-flex\">\n<div class=\"wp-block-column ticss-4ce656f1 is-layout-flow wp-block-column-is-layout-flow\">\n<figure class=\"wp-block-image is-resized icon-style is-style-rounded\"><img loading=\"lazy\" decoding=\"async\" src=\"http:\/\/trulazer.com\/wp-content\/themes\/neve\/assets\/img\/starter-content\/icon-03.svg\" alt=\"\" width=\"48\" height=\"48\"\/><\/figure>\n\n\n\n<h3 class=\"has-text-align-left has-text-align-center has-neve-text-color-color has-text-color wp-block-heading\">Vizyonumuz<\/h3>\n\n\n\n<p class=\"has-text-align-left has-neve-text-color-color has-text-color\" style=\"font-size:15px\"><font style=\"vertical-align: inherit;\"><font style=\"vertical-align: inherit;\">Y\u00fcksek h\u0131z ve kalite hassasiyetini sizlerle bulu\u015fturmak.<\/font><\/font><\/p>\n\n\n\n<div style=\"height:20px\" aria-hidden=\"true\" class=\"wp-block-spacer\"><\/div>\n<\/div>\n\n\n\n<div class=\"wp-block-column ticss-f6fc7494 is-layout-flow wp-block-column-is-layout-flow\">\n<figure class=\"wp-block-image is-resized icon-style is-style-rounded\"><img loading=\"lazy\" decoding=\"async\" src=\"http:\/\/trulazer.com\/wp-content\/themes\/neve\/assets\/img\/starter-content\/icon-03.svg\" alt=\"\" width=\"48\" height=\"48\"\/><\/figure>\n\n\n\n<h3 class=\"has-text-align-left has-text-align-center has-neve-text-color-color has-text-color wp-block-heading\"><font style=\"vertical-align: inherit;\"><font style=\"vertical-align: inherit;\">Misyonumuz<\/font><\/font><\/h3>\n\n\n\n<p class=\"has-text-align-left has-neve-text-color-color has-text-color\" style=\"font-size:15px\"><font style=\"vertical-align: inherit;\"><font style=\"vertical-align: inherit;\">Do\u011fru kalite fiyat oran\u0131n\u0131 sa\u011flayarak m\u00fc\u015fteri beklentilerini en \u00fcst d\u00fczeyde kar\u015f\u0131lamak.<\/font><\/font><\/p>\n\n\n\n<div style=\"height:20px\" aria-hidden=\"true\" class=\"wp-block-spacer\"><\/div>\n<\/div>\n\n\n\n<div class=\"wp-block-column ticss-a5b4df29 is-layout-flow wp-block-column-is-layout-flow\">\n<figure class=\"wp-block-image is-resized icon-style is-style-rounded\"><img loading=\"lazy\" decoding=\"async\" src=\"http:\/\/trulazer.com\/wp-content\/themes\/neve\/assets\/img\/starter-content\/icon-03.svg\" alt=\"\" width=\"48\" height=\"48\"\/><\/figure>\n\n\n\n<h3 class=\"has-text-align-left has-text-align-center has-neve-text-color-color has-text-color wp-block-heading\"><font style=\"vertical-align: inherit;\"><font style=\"vertical-align: inherit;\">De\u011ferlerimiz<\/font><\/font><\/h3>\n\n\n\n<p class=\"has-text-align-left has-neve-text-color-color has-text-color\" style=\"font-size:15px\"><font style=\"vertical-align: inherit;\"><font style=\"vertical-align: inherit;\">\u00d6nemsiyoruz<\/font><\/font>, Birlik oluyoruz, \u015eeffaf \u00e7al\u0131\u015f\u0131yoruz, M\u00fckemmellik i\u00e7in \u00e7abal\u0131yoruz.<\/p>\n\n\n\n<div style=\"height:20px\" aria-hidden=\"true\" class=\"wp-block-spacer\"><\/div>\n<\/div>\n<\/div>\n\n\n\n<div style=\"height:30px\" aria-hidden=\"true\" class=\"wp-block-spacer\"><\/div>\n<\/div><\/div>\n\n\n\n<div class=\"wp-block-cover alignfull\" style=\"min-height:217px;aspect-ratio:unset;\"><span aria-hidden=\"true\" class=\"wp-block-cover__background has-nv-light-bg-background-color has-background-dim\"><\/span><div class=\"wp-block-cover__inner-container is-layout-flow wp-block-cover-is-layout-flow\">\n<div class=\"wp-block-group\"><div class=\"wp-block-group__inner-container is-layout-flow wp-block-group-is-layout-flow\">\n<div class=\"wp-block-columns is-layout-flex wp-container-core-columns-is-layout-9d6595d7 wp-block-columns-is-layout-flex\">\n<div class=\"wp-block-column is-vertically-aligned-center is-layout-flow wp-block-column-is-layout-flow\">\n<h2 class=\"alignfull has-text-align-center has-neve-link-color-color has-text-color has-large-font-size wp-block-heading\">Tru Lazer Metal \u0130\u015fleme Merkezi San. Tic. Ltd. \u015eti.<\/h2>\n<\/div>\n<\/div>\n<\/div><\/div>\n<\/div><\/div>\n","protected":false},"excerpt":{"rendered":"","protected":false},"author":1,"featured_media":0,"parent":0,"menu_order":0,"comment_status":"closed","ping_status":"closed","template":"","meta":{"neve_meta_sidebar":"","neve_meta_container":"","neve_meta_enable_content_width":"on","neve_meta_content_width":100,"neve_meta_title_alignment":"","neve_meta_author_avatar":"","neve_post_elements_order":"","neve_meta_disable_header":"","neve_meta_disable_footer":"","neve_meta_disable_title":"on","footnotes":""},"class_list":["post-38","page","type-page","status-publish","hentry"],"_links":{"self":[{"href":"http:\/\/trulazer.com\/index.php?rest_route=\/wp\/v2\/pages\/38","targetHints":{"allow":["GET"]}}],"collection":[{"href":"http:\/\/trulazer.com\/index.php?rest_route=\/wp\/v2\/pages"}],"about":[{"href":"http:\/\/trulazer.com\/index.php?rest_route=\/wp\/v2\/types\/page"}],"author":[{"embeddable":true,"href":"http:\/\/trulazer.com\/index.php?rest_route=\/wp\/v2\/users\/1"}],"replies":[{"embeddable":true,"href":"http:\/\/trulazer.com\/index.php?rest_route=%2Fwp%2Fv2%2Fcomments&post=38"}],"version-history":[{"count":36,"href":"http:\/\/trulazer.com\/index.php?rest_route=\/wp\/v2\/pages\/38\/revisions"}],"predecessor-version":[{"id":224,"href":"http:\/\/trulazer.com\/index.php?rest_route=\/wp\/v2\/pages\/38\/revisions\/224"}],"wp:attachment":[{"href":"http:\/\/trulazer.com\/index.php?rest_route=%2Fwp%2Fv2%2Fmedia&parent=38"}],"curies":[{"name":"wp","href":"https:\/\/api.w.org\/{rel}","templated":true}]}}